{"id":16650,"date":"2020-02-24T22:15:15","date_gmt":"2020-02-24T22:15:15","guid":{"rendered":"https:\/\/demo03.houzez.co\/?page_id=16650"},"modified":"2024-04-23T09:46:15","modified_gmt":"2024-04-23T09:46:15","slug":"about","status":"publish","type":"page","link":"https:\/\/brightvision.al\/en\/","title":{"rendered":"Home"},"content":{"rendered":"<div data-elementor-type=\"wp-page\" data-elementor-id=\"16650\" class=\"elementor elementor-16650\">\n\t\t\t\t\t\t<section class=\"elementor-section elementor-top-section elementor-element elementor-element-09038dc elementor-section-boxed elementor-section-height-default elementor-section-height-default\" data-id=\"09038dc\" data-element_type=\"section\" data-settings=\"{&quot;background_background&quot;:&quot;classic&quot;}\">\n\t\t\t\t\t\t<div class=\"elementor-container elementor-column-gap-default\">\n\t\t\t\t\t<div class=\"elementor-column elementor-col-100 elementor-top-column elementor-element elementor-element-c8278ac\" data-id=\"c8278ac\" data-element_type=\"column\">\n\t\t\t<div class=\"elementor-widget-wrap elementor-element-populated\">\n\t\t\t\t\t\t<div class=\"elementor-element elementor-element-3271868 elementor-widget elementor-widget-spacer\" data-id=\"3271868\" data-element_type=\"widget\" data-widget_type=\"spacer.default\">\n\t\t\t\t<div class=\"elementor-widget-container\">\n\t\t\t\t\t<div class=\"elementor-spacer\">\n\t\t\t<div class=\"elementor-spacer-inner\"><\/div>\n\t\t<\/div>\n\t\t\t\t<\/div>\n\t\t\t\t<\/div>\n\t\t\t\t<div class=\"elementor-element elementor-element-e7372b6 animated-slow elementor-invisible elementor-widget elementor-widget-houzez_elementor_section_title\" data-id=\"e7372b6\" data-element_type=\"widget\" data-settings=\"{&quot;_animation&quot;:&quot;fadeIn&quot;}\" data-widget_type=\"houzez_elementor_section_title.default\">\n\t\t\t\t<div class=\"elementor-widget-container\">\n\t\t\t            <div class=\"houzez_section_title_wrap section-title-module\">\n                                    <h2 class=\"houzez_section_title\">About Bright Vision\n<\/h2>\n                \n                            <\/div>\n            \t\t<\/div>\n\t\t\t\t<\/div>\n\t\t\t\t<div class=\"elementor-element elementor-element-2c618f2 elementor-widget elementor-widget-text-editor\" data-id=\"2c618f2\" data-element_type=\"widget\" data-widget_type=\"text-editor.default\">\n\t\t\t\t<div class=\"elementor-widget-container\">\n\t\t\t\t\t\t\t<p>Bright Vision is a company that operates in various fields such as promotion of companies and services, training and qualification of staff, market studies in the field of business, culture, and art, feasibility studies, project management. We cooperate in the field of advanced technology, construction, maintenance, and upgrade of software and hardware systems. International and local experts are our most valuable asset in the realization of all the projects we manage.<\/p>\t\t\t\t\t\t<\/div>\n\t\t\t\t<\/div>\n\t\t\t\t<div class=\"elementor-element elementor-element-89a95a6 elementor-widget elementor-widget-spacer\" data-id=\"89a95a6\" data-element_type=\"widget\" data-widget_type=\"spacer.default\">\n\t\t\t\t<div class=\"elementor-widget-container\">\n\t\t\t\t\t<div class=\"elementor-spacer\">\n\t\t\t<div class=\"elementor-spacer-inner\"><\/div>\n\t\t<\/div>\n\t\t\t\t<\/div>\n\t\t\t\t<\/div>\n\t\t\t\t\t<\/div>\n\t\t<\/div>\n\t\t\t\t\t<\/div>\n\t\t<\/section>\n\t\t<div class=\"elementor-element elementor-element-16ea25d e-flex e-con-boxed e-con e-parent\" data-id=\"16ea25d\" data-element_type=\"container\">\n\t\t\t\t\t<div class=\"e-con-inner\">\n\t\t<div class=\"elementor-element elementor-element-b5b07da e-con-full e-flex e-con e-child\" data-id=\"b5b07da\" data-element_type=\"container\">\n\t\t\t\t<div class=\"elementor-element elementor-element-6b1e546 elementor-widget elementor-widget-houzez_elementor_section_title\" data-id=\"6b1e546\" data-element_type=\"widget\" data-widget_type=\"houzez_elementor_section_title.default\">\n\t\t\t\t<div class=\"elementor-widget-container\">\n\t\t\t            <div class=\"houzez_section_title_wrap section-title-module\">\n                                    <h2 class=\"houzez_section_title\">Our Mission<\/h2>\n                \n                            <\/div>\n            \t\t<\/div>\n\t\t\t\t<\/div>\n\t\t\t\t<div class=\"elementor-element elementor-element-fcf3467 elementor-widget elementor-widget-text-editor\" data-id=\"fcf3467\" data-element_type=\"widget\" data-widget_type=\"text-editor.default\">\n\t\t\t\t<div class=\"elementor-widget-container\">\n\t\t\t\t\t\t\tWe collaborate closely with our clients throughout the entire process, from identifying needs, brainstorming ideas, and evaluating alternatives to the final realization and concrete implementation.\t\t\t\t\t\t<\/div>\n\t\t\t\t<\/div>\n\t\t\t\t<\/div>\n\t\t<div class=\"elementor-element elementor-element-614bd58 e-con-full e-flex e-con e-child\" data-id=\"614bd58\" data-element_type=\"container\">\n\t\t\t\t<div class=\"elementor-element elementor-element-c274983 elementor-widget elementor-widget-houzez_elementor_section_title\" data-id=\"c274983\" data-element_type=\"widget\" data-widget_type=\"houzez_elementor_section_title.default\">\n\t\t\t\t<div class=\"elementor-widget-container\">\n\t\t\t            <div class=\"houzez_section_title_wrap section-title-module\">\n                                    <h2 class=\"houzez_section_title\">Our Vision<\/h2>\n                \n                            <\/div>\n            \t\t<\/div>\n\t\t\t\t<\/div>\n\t\t\t\t<div class=\"elementor-element elementor-element-2acfa90 elementor-widget elementor-widget-text-editor\" data-id=\"2acfa90\" data-element_type=\"widget\" data-widget_type=\"text-editor.default\">\n\t\t\t\t<div class=\"elementor-widget-container\">\n\t\t\t\t\t\t\tWe aim to create a lifestyle and business environment that fosters well-being.\t\t\t\t\t\t<\/div>\n\t\t\t\t<\/div>\n\t\t\t\t<\/div>\n\t\t\t\t\t<\/div>\n\t\t\t\t<\/div>\n\t\t\t\t<section class=\"elementor-section elementor-top-section elementor-element elementor-element-fc78338 elementor-section-boxed elementor-section-height-default elementor-section-height-default\" data-id=\"fc78338\" data-element_type=\"section\" data-settings=\"{&quot;background_background&quot;:&quot;classic&quot;}\">\n\t\t\t\t\t\t<div class=\"elementor-container elementor-column-gap-default\">\n\t\t\t\t\t<div class=\"elementor-column elementor-col-100 elementor-top-column elementor-element elementor-element-50dc01c\" data-id=\"50dc01c\" data-element_type=\"column\">\n\t\t\t<div class=\"elementor-widget-wrap elementor-element-populated\">\n\t\t\t\t\t\t<div class=\"elementor-element elementor-element-1f9f780 elementor-widget elementor-widget-spacer\" data-id=\"1f9f780\" data-element_type=\"widget\" data-widget_type=\"spacer.default\">\n\t\t\t\t<div class=\"elementor-widget-container\">\n\t\t\t\t\t<div class=\"elementor-spacer\">\n\t\t\t<div class=\"elementor-spacer-inner\"><\/div>\n\t\t<\/div>\n\t\t\t\t<\/div>\n\t\t\t\t<\/div>\n\t\t\t\t<div class=\"elementor-element elementor-element-65f1be3 animated-slow elementor-invisible elementor-widget elementor-widget-houzez_elementor_section_title\" data-id=\"65f1be3\" data-element_type=\"widget\" data-settings=\"{&quot;_animation&quot;:&quot;fadeIn&quot;}\" data-widget_type=\"houzez_elementor_section_title.default\">\n\t\t\t\t<div class=\"elementor-widget-container\">\n\t\t\t            <div class=\"houzez_section_title_wrap section-title-module\">\n                                    <h2 class=\"houzez_section_title\">Services<\/h2>\n                \n                                    <p class=\"houzez_section_subtitle\">Our services offer comprehensive support for your businesses.<\/p>\n                            <\/div>\n            \t\t<\/div>\n\t\t\t\t<\/div>\n\t\t\t\t<section class=\"elementor-section elementor-inner-section elementor-element elementor-element-f5dcf34 elementor-section-boxed elementor-section-height-default elementor-section-height-default\" data-id=\"f5dcf34\" data-element_type=\"section\">\n\t\t\t\t\t\t<div class=\"elementor-container elementor-column-gap-default\">\n\t\t\t\t\t<div class=\"elementor-column elementor-col-25 elementor-inner-column elementor-element elementor-element-021831b\" data-id=\"021831b\" data-element_type=\"column\">\n\t\t\t<div class=\"elementor-widget-wrap elementor-element-populated\">\n\t\t\t\t\t\t<div class=\"elementor-element elementor-element-d13a6f2 elementor-widget elementor-widget-Houzez_elementor_grid_builder\" data-id=\"d13a6f2\" data-element_type=\"widget\" data-widget_type=\"Houzez_elementor_grid_builder.default\">\n\t\t\t\t<div class=\"elementor-widget-container\">\n\t\t\t\n        <div class=\"grid-item  grid-item-v2\" style=\"background-image: url(https:\/\/brightvision.al\/wp-content\/uploads\/2024\/04\/two-receptionists-cooperating-while-working-scaled.jpg)\">\n            <a class=\"grid-item-link hover-effect-flat\"  target=\"_blank\" href=\"#\">\n                <div class=\"grid-item-text-wrap\">\n\n                                        <div class=\"grid-item-subtitle\">Services<\/div>\n                    \n                                        <div class=\"grid-item-title\">Staff Training<\/div>\n                                        \n                                            <div class=\"grid-item-text-link\">More Details<\/div>\n                        <div class=\"grid-item-icon\">\n                            <i class=\"houzez-icon icon-arrow-button-right-2\"><\/i>\n                        <\/div>\n                                    <\/div><!-- taxonomy-text-wrap -->\n            <\/a>\n        <\/div>\n        \n        \t\t<\/div>\n\t\t\t\t<\/div>\n\t\t\t\t<div class=\"elementor-element elementor-element-c109fa0 elementor-widget elementor-widget-Houzez_elementor_grid_builder\" data-id=\"c109fa0\" data-element_type=\"widget\" data-widget_type=\"Houzez_elementor_grid_builder.default\">\n\t\t\t\t<div class=\"elementor-widget-container\">\n\t\t\t\n        <div class=\"grid-item  grid-item-v2\" style=\"background-image: url(https:\/\/brightvision.al\/wp-content\/uploads\/2024\/04\/real-estate-agent-portrait-with-family-getting-new-scaled.jpg)\">\n            <a class=\"grid-item-link hover-effect-flat\"  target=\"_blank\" href=\"#\">\n                <div class=\"grid-item-text-wrap\">\n\n                                        <div class=\"grid-item-subtitle\">Services<\/div>\n                    \n                                        <div class=\"grid-item-title\">Property Management<\/div>\n                                        \n                                            <div class=\"grid-item-text-link\">M\u00eb tep\u00ebr detaje<\/div>\n                        <div class=\"grid-item-icon\">\n                            <i class=\"houzez-icon icon-arrow-button-right-2\"><\/i>\n                        <\/div>\n                                    <\/div><!-- taxonomy-text-wrap -->\n            <\/a>\n        <\/div>\n        \n        \t\t<\/div>\n\t\t\t\t<\/div>\n\t\t\t\t\t<\/div>\n\t\t<\/div>\n\t\t\t\t<div class=\"elementor-column elementor-col-25 elementor-inner-column elementor-element elementor-element-2c65433\" data-id=\"2c65433\" data-element_type=\"column\">\n\t\t\t<div class=\"elementor-widget-wrap elementor-element-populated\">\n\t\t\t\t\t\t<div class=\"elementor-element elementor-element-340ea04 elementor-widget elementor-widget-Houzez_elementor_grid_builder\" data-id=\"340ea04\" data-element_type=\"widget\" data-widget_type=\"Houzez_elementor_grid_builder.default\">\n\t\t\t\t<div class=\"elementor-widget-container\">\n\t\t\t\n        <div class=\"grid-item  grid-item-v2\" style=\"background-image: url(https:\/\/brightvision.al\/wp-content\/uploads\/2024\/04\/businessman-using-tablet-and-analyzing-investment-scaled.jpg)\">\n            <a class=\"grid-item-link hover-effect-flat\"  target=\"_blank\" href=\"#\">\n                <div class=\"grid-item-text-wrap\">\n\n                                        <div class=\"grid-item-subtitle\">Services<\/div>\n                    \n                                        <div class=\"grid-item-title\">Market Research for Businesses<\/div>\n                                        \n                                            <div class=\"grid-item-text-link\">More Details<\/div>\n                        <div class=\"grid-item-icon\">\n                            <i class=\"houzez-icon icon-arrow-button-right-2\"><\/i>\n                        <\/div>\n                                    <\/div><!-- taxonomy-text-wrap -->\n            <\/a>\n        <\/div>\n        \n        \t\t<\/div>\n\t\t\t\t<\/div>\n\t\t\t\t<div class=\"elementor-element elementor-element-cc1b338 elementor-widget elementor-widget-Houzez_elementor_grid_builder\" data-id=\"cc1b338\" data-element_type=\"widget\" data-widget_type=\"Houzez_elementor_grid_builder.default\">\n\t\t\t\t<div class=\"elementor-widget-container\">\n\t\t\t\n        <div class=\"grid-item  grid-item-v2\" style=\"background-image: url(https:\/\/brightvision.al\/wp-content\/uploads\/2024\/04\/strategy-marketing-concept-scaled.jpg)\">\n            <a class=\"grid-item-link hover-effect-flat\"  target=\"_blank\" href=\"#\">\n                <div class=\"grid-item-text-wrap\">\n\n                                        <div class=\"grid-item-subtitle\">Services<\/div>\n                    \n                                        <div class=\"grid-item-title\">Business Promotion<\/div>\n                                        \n                                            <div class=\"grid-item-text-link\">More Details<\/div>\n                        <div class=\"grid-item-icon\">\n                            <i class=\"houzez-icon icon-arrow-button-right-2\"><\/i>\n                        <\/div>\n                                    <\/div><!-- taxonomy-text-wrap -->\n            <\/a>\n        <\/div>\n        \n        \t\t<\/div>\n\t\t\t\t<\/div>\n\t\t\t\t\t<\/div>\n\t\t<\/div>\n\t\t\t\t<div class=\"elementor-column elementor-col-25 elementor-inner-column elementor-element elementor-element-b799d53\" data-id=\"b799d53\" data-element_type=\"column\">\n\t\t\t<div class=\"elementor-widget-wrap elementor-element-populated\">\n\t\t\t\t\t\t<div class=\"elementor-element elementor-element-ad1d0a7 elementor-widget elementor-widget-Houzez_elementor_grid_builder\" data-id=\"ad1d0a7\" data-element_type=\"widget\" data-widget_type=\"Houzez_elementor_grid_builder.default\">\n\t\t\t\t<div class=\"elementor-widget-container\">\n\t\t\t\n        <div class=\"grid-item  grid-item-v3\" style=\"background-image: url(https:\/\/brightvision.al\/wp-content\/uploads\/2024\/04\/1080x1080-px-bright-vision-03-scaled.jpg)\">\n            <a class=\"grid-item-link hover-effect-flat\"  target=\"_blank\" href=\"https:\/\/brightvision.al\/en\/real-estate\/\">\n                <div class=\"grid-item-text-wrap\">\n\n                                        <div class=\"grid-item-subtitle\">Services<\/div>\n                    \n                                        <div class=\"grid-item-title\">Real Estate<\/div>\n                                        \n                                            <div class=\"grid-item-text-link\">More Details<\/div>\n                        <div class=\"grid-item-icon\">\n                            <i class=\"houzez-icon icon-arrow-button-right-2\"><\/i>\n                        <\/div>\n                                    <\/div><!-- taxonomy-text-wrap -->\n            <\/a>\n        <\/div>\n        \n        \t\t<\/div>\n\t\t\t\t<\/div>\n\t\t\t\t\t<\/div>\n\t\t<\/div>\n\t\t\t\t<div class=\"elementor-column elementor-col-25 elementor-inner-column elementor-element elementor-element-29c6291\" data-id=\"29c6291\" data-element_type=\"column\">\n\t\t\t<div class=\"elementor-widget-wrap elementor-element-populated\">\n\t\t\t\t\t\t<div class=\"elementor-element elementor-element-cc56302 elementor-widget elementor-widget-Houzez_elementor_grid_builder\" data-id=\"cc56302\" data-element_type=\"widget\" data-widget_type=\"Houzez_elementor_grid_builder.default\">\n\t\t\t\t<div class=\"elementor-widget-container\">\n\t\t\t\n        <div class=\"grid-item  grid-item-v3\" style=\"background-image: url(https:\/\/brightvision.al\/wp-content\/uploads\/2024\/04\/xhubleta_unesco.webp)\">\n            <a class=\"grid-item-link hover-effect-flat\"  target=\"_blank\" href=\"#\">\n                <div class=\"grid-item-text-wrap\">\n\n                                        <div class=\"grid-item-subtitle\">Sh\u00ebrbim<\/div>\n                    \n                                        <div class=\"grid-item-title\">Culture &amp; Art<\/div>\n                                        \n                                            <div class=\"grid-item-text-link\">More Details<\/div>\n                        <div class=\"grid-item-icon\">\n                            <i class=\"houzez-icon icon-arrow-button-right-2\"><\/i>\n                        <\/div>\n                                    <\/div><!-- taxonomy-text-wrap -->\n            <\/a>\n        <\/div>\n        \n        \t\t<\/div>\n\t\t\t\t<\/div>\n\t\t\t\t\t<\/div>\n\t\t<\/div>\n\t\t\t\t\t<\/div>\n\t\t<\/section>\n\t\t\t\t<div class=\"elementor-element elementor-element-f2e0774 elementor-widget elementor-widget-spacer\" data-id=\"f2e0774\" data-element_type=\"widget\" data-widget_type=\"spacer.default\">\n\t\t\t\t<div class=\"elementor-widget-container\">\n\t\t\t\t\t<div class=\"elementor-spacer\">\n\t\t\t<div class=\"elementor-spacer-inner\"><\/div>\n\t\t<\/div>\n\t\t\t\t<\/div>\n\t\t\t\t<\/div>\n\t\t\t\t\t<\/div>\n\t\t<\/div>\n\t\t\t\t\t<\/div>\n\t\t<\/section>\n\t\t\t\t<\/div>","protected":false},"excerpt":{"rendered":"<p>Rreth Bright Vision Bright Vision \u00ebsht\u00eb nj\u00eb kompani q\u00eb operon n\u00eb fusha t\u00eb ndryshme si promovimi i kompanive dhe sh\u00ebrbimeve, trajnim dhe kualifikim stafesh, studime tregu n\u00eb fush\u00ebn e biznesit, kultur\u00ebs dhe artit, studime fizibiliteti, menaxhim projektesh. Ne bashk\u00ebpunojm\u00eb n\u00eb fush\u00ebn e teknologjis\u00eb s\u00eb avancuar, nd\u00ebrtime, mir\u00ebmbajtje dhe upgrade t\u00eb sistemeve soft dhe hardware. Ekspert\u00ebt [&hellip;]<\/p>","protected":false},"author":1,"featured_media":0,"parent":0,"menu_order":0,"comment_status":"closed","ping_status":"closed","template":"template\/template-homepage.php","meta":{"footnotes":""},"class_list":["post-16650","page","type-page","status-publish","hentry"],"_links":{"self":[{"href":"https:\/\/brightvision.al\/en\/wp-json\/wp\/v2\/pages\/16650","targetHints":{"allow":["GET"]}}],"collection":[{"href":"https:\/\/brightvision.al\/en\/wp-json\/wp\/v2\/pages"}],"about":[{"href":"https:\/\/brightvision.al\/en\/wp-json\/wp\/v2\/types\/page"}],"author":[{"embeddable":true,"href":"https:\/\/brightvision.al\/en\/wp-json\/wp\/v2\/users\/1"}],"replies":[{"embeddable":true,"href":"https:\/\/brightvision.al\/en\/wp-json\/wp\/v2\/comments?post=16650"}],"version-history":[{"count":80,"href":"https:\/\/brightvision.al\/en\/wp-json\/wp\/v2\/pages\/16650\/revisions"}],"predecessor-version":[{"id":17759,"href":"https:\/\/brightvision.al\/en\/wp-json\/wp\/v2\/pages\/16650\/revisions\/17759"}],"wp:attachment":[{"href":"https:\/\/brightvision.al\/en\/wp-json\/wp\/v2\/media?parent=16650"}],"curies":[{"name":"wp","href":"https:\/\/api.w.org\/{rel}","templated":true}]}}